{"id":301,"date":"2024-04-28T15:18:41","date_gmt":"2024-04-28T15:18:41","guid":{"rendered":"https:\/\/honestbee.se\/index.php\/about\/"},"modified":"2024-04-29T12:37:18","modified_gmt":"2024-04-29T12:37:18","slug":"om-oss","status":"publish","type":"page","link":"https:\/\/honestbee.se\/index.php\/om-oss\/","title":{"rendered":"Om oss"},"content":{"rendered":"\t\t<div data-elementor-type=\"wp-page\" data-elementor-id=\"301\" class=\"elementor elementor-301\" data-elementor-post-type=\"page\">\n\t\t\t\t<div class=\"elementor-element elementor-element-722ebd98 e-flex e-con-boxed e-con e-parent\" data-id=\"722ebd98\" data-element_type=\"container\" data-e-type=\"container\">\n\t\t\t\t\t<div class=\"e-con-inner\">\n\t\t<div class=\"elementor-element elementor-element-4ba52f1e e-con-full e-flex e-con e-child\" data-id=\"4ba52f1e\" data-element_type=\"container\" data-e-type=\"container\">\n\t\t\t\t<div class=\"elementor-element elementor-element-4d7b6677 elementor-widget elementor-widget-heading\" data-id=\"4d7b6677\" data-element_type=\"widget\" data-e-type=\"widget\" data-widget_type=\"heading.default\">\n\t\t\t\t<div class=\"elementor-widget-container\">\n\t\t\t\t\t<h1 class=\"elementor-heading-title elementor-size-default\">Sm\u00e5f\u00f6retagare som g\u00f6r hemsidor <br \/> f\u00f6r sm\u00e5f\u00f6retagare<\/h1>\t\t\t\t<\/div>\n\t\t\t\t<\/div>\n\t\t\t\t<div class=\"elementor-element elementor-element-ecff827 elementor-widget elementor-widget-heading\" data-id=\"ecff827\" data-element_type=\"widget\" data-e-type=\"widget\" data-widget_type=\"heading.default\">\n\t\t\t\t<div class=\"elementor-widget-container\">\n\t\t\t\t\t<h1 class=\"elementor-heading-title elementor-size-default\">Detta \u00e4r v\u00e5ra v\u00e4rdeord som beskriver oss:<\/h1>\t\t\t\t<\/div>\n\t\t\t\t<\/div>\n\t\t\t\t<\/div>\n\t\t\t\t\t<\/div>\n\t\t\t\t<\/div>\n\t\t<div class=\"elementor-element elementor-element-74b58c4b e-flex e-con-boxed e-con e-parent\" data-id=\"74b58c4b\" data-element_type=\"container\" data-e-type=\"container\">\n\t\t\t\t\t<div class=\"e-con-inner\">\n\t\t<div class=\"elementor-element elementor-element-34a4e6b9 e-con-full e-flex e-con e-child\" data-id=\"34a4e6b9\" data-element_type=\"container\" data-e-type=\"container\">\n\t\t\t\t<div class=\"elementor-element elementor-element-7e8756b2 elementor-widget elementor-widget-heading\" data-id=\"7e8756b2\" data-element_type=\"widget\" data-e-type=\"widget\" data-widget_type=\"heading.default\">\n\t\t\t\t<div class=\"elementor-widget-container\">\n\t\t\t\t\t<h2 class=\"elementor-heading-title elementor-size-default\">Erfarenhet<\/h2>\t\t\t\t<\/div>\n\t\t\t\t<\/div>\n\t\t\t\t<div class=\"elementor-element elementor-element-419fd2d5 elementor-widget elementor-widget-text-editor\" data-id=\"419fd2d5\" data-element_type=\"widget\" data-e-type=\"widget\" data-widget_type=\"text-editor.default\">\n\t\t\t\t<div class=\"elementor-widget-container\">\n\t\t\t\t\t\t\t\t\t<p>Personerna som jobbar h\u00e4r har sin bakgrund i en m\u00e4ngd olika branscher. Gemensamt har vi att vi allihop \u00e4r eller har varit sm\u00e5f\u00f6retagare.<\/p>\t\t\t\t\t\t\t\t<\/div>\n\t\t\t\t<\/div>\n\t\t\t\t<\/div>\n\t\t<div class=\"elementor-element elementor-element-b7c0fe9 e-con-full e-flex e-con e-child\" data-id=\"b7c0fe9\" data-element_type=\"container\" data-e-type=\"container\">\n\t\t\t\t<div class=\"elementor-element elementor-element-1380e48e elementor-widget elementor-widget-heading\" data-id=\"1380e48e\" data-element_type=\"widget\" data-e-type=\"widget\" data-widget_type=\"heading.default\">\n\t\t\t\t<div class=\"elementor-widget-container\">\n\t\t\t\t\t<h2 class=\"elementor-heading-title elementor-size-default\">F\u00f6rst\u00e5else<\/h2>\t\t\t\t<\/div>\n\t\t\t\t<\/div>\n\t\t\t\t<div class=\"elementor-element elementor-element-e5ef5a2 elementor-widget elementor-widget-text-editor\" data-id=\"e5ef5a2\" data-element_type=\"widget\" data-e-type=\"widget\" data-widget_type=\"text-editor.default\">\n\t\t\t\t<div class=\"elementor-widget-container\">\n\t\t\t\t\t\t\t\t\t<p>Med v\u00e5r bakgrund vet vi hur det \u00e4r att skala upp en verksamhet n\u00e4r det g\u00e5r bra. Vi vet ocks\u00e5 hur det \u00e4r att koka soppa p\u00e5 en spik i perioder.<br \/>Samt hur man producerar skratt och pengar av m\u00e5l, hardwork och arbetsmoral.\u00a0<\/p>\t\t\t\t\t\t\t\t<\/div>\n\t\t\t\t<\/div>\n\t\t\t\t<\/div>\n\t\t<div class=\"elementor-element elementor-element-3bebd75d e-con-full e-flex e-con e-child\" data-id=\"3bebd75d\" data-element_type=\"container\" data-e-type=\"container\">\n\t\t\t\t<div class=\"elementor-element elementor-element-73c63fc5 elementor-widget elementor-widget-heading\" data-id=\"73c63fc5\" data-element_type=\"widget\" data-e-type=\"widget\" data-widget_type=\"heading.default\">\n\t\t\t\t<div class=\"elementor-widget-container\">\n\t\t\t\t\t<h2 class=\"elementor-heading-title elementor-size-default\">\u00c4rliga<\/h2>\t\t\t\t<\/div>\n\t\t\t\t<\/div>\n\t\t\t\t<div class=\"elementor-element elementor-element-6e0ed2bc elementor-widget elementor-widget-text-editor\" data-id=\"6e0ed2bc\" data-element_type=\"widget\" data-e-type=\"widget\" data-widget_type=\"text-editor.default\">\n\t\t\t\t<div class=\"elementor-widget-container\">\n\t\t\t\t\t\t\t\t\t<p>Hos oss \u00e4r \u00e4rlighet en grundsten. Vi \u00e4r raka och \u00e4rliga i allt vi g\u00f6r, s\u00e5 du kan lita p\u00e5 oss i processen f\u00f6r din nya hemsida.<\/p>\t\t\t\t\t\t\t\t<\/div>\n\t\t\t\t<\/div>\n\t\t\t\t<\/div>\n\t\t<div class=\"elementor-element elementor-element-5f61d4fd e-con-full e-flex e-con e-child\" data-id=\"5f61d4fd\" data-element_type=\"container\" data-e-type=\"container\">\n\t\t\t\t<div class=\"elementor-element elementor-element-12666890 elementor-widget elementor-widget-heading\" data-id=\"12666890\" data-element_type=\"widget\" data-e-type=\"widget\" data-widget_type=\"heading.default\">\n\t\t\t\t<div class=\"elementor-widget-container\">\n\t\t\t\t\t<h2 class=\"elementor-heading-title elementor-size-default\">Flitiga som bin<\/h2>\t\t\t\t<\/div>\n\t\t\t\t<\/div>\n\t\t\t\t<div class=\"elementor-element elementor-element-17a58c01 elementor-widget elementor-widget-text-editor\" data-id=\"17a58c01\" data-element_type=\"widget\" data-e-type=\"widget\" data-widget_type=\"text-editor.default\">\n\t\t\t\t<div class=\"elementor-widget-container\">\n\t\t\t\t\t\t\t\t\t<p>Vi jobbar h\u00e5rt, dedikerat och effektivt som ett team. Vi tar tillvara p\u00e5 varje persons styrka f\u00f6r att n\u00e5 v\u00e5ra m\u00e5l och levererar resultat som berikar oss alla.<\/p>\t\t\t\t\t\t\t\t<\/div>\n\t\t\t\t<\/div>\n\t\t\t\t<\/div>\n\t\t\t\t\t<\/div>\n\t\t\t\t<\/div>\n\t\t<div class=\"elementor-element elementor-element-10687a0a e-flex e-con-boxed e-con e-parent\" data-id=\"10687a0a\" data-element_type=\"container\" data-e-type=\"container\">\n\t\t\t\t\t<div class=\"e-con-inner\">\n\t\t\t\t<div class=\"elementor-element elementor-element-1f6c19a6 elementor-invisible elementor-widget elementor-widget-heading\" data-id=\"1f6c19a6\" data-element_type=\"widget\" data-e-type=\"widget\" data-settings=\"{&quot;_animation&quot;:&quot;fadeInUp&quot;}\" data-widget_type=\"heading.default\">\n\t\t\t\t<div class=\"elementor-widget-container\">\n\t\t\t\t\t<h2 class=\"elementor-heading-title elementor-size-default\">GEMENSAMT \u00c4R <\/h2>\t\t\t\t<\/div>\n\t\t\t\t<\/div>\n\t\t\t\t<div class=\"elementor-element elementor-element-3a2efad elementor-widget elementor-widget-heading\" data-id=\"3a2efad\" data-element_type=\"widget\" data-e-type=\"widget\" data-widget_type=\"heading.default\">\n\t\t\t\t<div class=\"elementor-widget-container\">\n\t\t\t\t\t<h2 class=\"elementor-heading-title elementor-size-default\">Vi vet v\u00e4rdet av en <i>digital<\/i> n\u00e4rvaro med en <i>bra hemsida<\/i><\/h2>\t\t\t\t<\/div>\n\t\t\t\t<\/div>\n\t\t\t\t\t<\/div>\n\t\t\t\t<\/div>\n\t\t<div class=\"elementor-element elementor-element-21b23e2b elementor-hidden-desktop elementor-hidden-tablet elementor-hidden-mobile e-flex e-con-boxed e-con e-parent\" data-id=\"21b23e2b\" data-element_type=\"container\" data-e-type=\"container\">\n\t\t\t\t\t<div class=\"e-con-inner\">\n\t\t\t\t<div class=\"elementor-element elementor-element-692b56df elementor-invisible elementor-widget elementor-widget-heading\" data-id=\"692b56df\" data-element_type=\"widget\" data-e-type=\"widget\" data-settings=\"{&quot;_animation&quot;:&quot;fadeInUp&quot;}\" data-widget_type=\"heading.default\">\n\t\t\t\t<div class=\"elementor-widget-container\">\n\t\t\t\t\t<h2 class=\"elementor-heading-title elementor-size-default\">get to know us<\/h2>\t\t\t\t<\/div>\n\t\t\t\t<\/div>\n\t\t\t\t<div class=\"elementor-element elementor-element-52afd807 elementor-widget elementor-widget-heading\" data-id=\"52afd807\" data-element_type=\"widget\" data-e-type=\"widget\" data-widget_type=\"heading.default\">\n\t\t\t\t<div class=\"elementor-widget-container\">\n\t\t\t\t\t<h2 class=\"elementor-heading-title elementor-size-default\">younic is its people<\/h2>\t\t\t\t<\/div>\n\t\t\t\t<\/div>\n\t\t\t\t\t<\/div>\n\t\t\t\t<\/div>\n\t\t<div class=\"elementor-element elementor-element-2e0398d5 elementor-hidden-desktop elementor-hidden-tablet elementor-hidden-mobile e-flex e-con-boxed e-con e-parent\" data-id=\"2e0398d5\" data-element_type=\"container\" data-e-type=\"container\">\n\t\t\t\t\t<div class=\"e-con-inner\">\n\t\t<div class=\"elementor-element elementor-element-3b9a3b66 e-con-full e-flex e-con e-child\" data-id=\"3b9a3b66\" data-element_type=\"container\" data-e-type=\"container\">\n\t\t\t\t<div class=\"elementor-element elementor-element-319bff4c elementor-widget elementor-widget-image\" data-id=\"319bff4c\" data-element_type=\"widget\" data-e-type=\"widget\" data-widget_type=\"image.default\">\n\t\t\t\t<div class=\"elementor-widget-container\">\n\t\t\t\t\t\t\t\t\t\t\t\t\t\t\t<img fetchpriority=\"high\" decoding=\"async\" width=\"362\" height=\"353\" src=\"https:\/\/honestbee.se\/wp-content\/uploads\/2024\/04\/employees_01.jpg\" class=\"attachment-full size-full wp-image-303\" alt=\"\" srcset=\"https:\/\/honestbee.se\/wp-content\/uploads\/2024\/04\/employees_01.jpg 362w, https:\/\/honestbee.se\/wp-content\/uploads\/2024\/04\/employees_01-300x293.jpg 300w\" sizes=\"(max-width: 362px) 100vw, 362px\" \/>\t\t\t\t\t\t\t\t\t\t\t\t\t\t\t<\/div>\n\t\t\t\t<\/div>\n\t\t\t\t<div class=\"elementor-element elementor-element-29e096b6 elementor-widget elementor-widget-heading\" data-id=\"29e096b6\" data-element_type=\"widget\" data-e-type=\"widget\" data-widget_type=\"heading.default\">\n\t\t\t\t<div class=\"elementor-widget-container\">\n\t\t\t\t\t<h2 class=\"elementor-heading-title elementor-size-default\">Mira Bass<\/h2>\t\t\t\t<\/div>\n\t\t\t\t<\/div>\n\t\t\t\t<div class=\"elementor-element elementor-element-dc6b3d3 elementor-widget elementor-widget-heading\" data-id=\"dc6b3d3\" data-element_type=\"widget\" data-e-type=\"widget\" data-widget_type=\"heading.default\">\n\t\t\t\t<div class=\"elementor-widget-container\">\n\t\t\t\t\t<h2 class=\"elementor-heading-title elementor-size-default\">Founder &amp; CEO<\/h2>\t\t\t\t<\/div>\n\t\t\t\t<\/div>\n\t\t\t\t<\/div>\n\t\t<div class=\"elementor-element elementor-element-31f2d1da e-con-full e-flex e-con e-child\" data-id=\"31f2d1da\" data-element_type=\"container\" data-e-type=\"container\">\n\t\t\t\t<div class=\"elementor-element elementor-element-665be127 elementor-widget elementor-widget-image\" data-id=\"665be127\" data-element_type=\"widget\" data-e-type=\"widget\" data-widget_type=\"image.default\">\n\t\t\t\t<div class=\"elementor-widget-container\">\n\t\t\t\t\t\t\t\t\t\t\t\t\t\t\t<img decoding=\"async\" width=\"362\" height=\"353\" src=\"https:\/\/honestbee.se\/wp-content\/uploads\/2024\/04\/employees_02.jpg\" class=\"attachment-full size-full wp-image-304\" alt=\"\" srcset=\"https:\/\/honestbee.se\/wp-content\/uploads\/2024\/04\/employees_02.jpg 362w, https:\/\/honestbee.se\/wp-content\/uploads\/2024\/04\/employees_02-300x293.jpg 300w\" sizes=\"(max-width: 362px) 100vw, 362px\" \/>\t\t\t\t\t\t\t\t\t\t\t\t\t\t\t<\/div>\n\t\t\t\t<\/div>\n\t\t\t\t<div class=\"elementor-element elementor-element-1402dec5 elementor-widget elementor-widget-heading\" data-id=\"1402dec5\" data-element_type=\"widget\" data-e-type=\"widget\" data-widget_type=\"heading.default\">\n\t\t\t\t<div class=\"elementor-widget-container\">\n\t\t\t\t\t<h2 class=\"elementor-heading-title elementor-size-default\">Mira Bass<\/h2>\t\t\t\t<\/div>\n\t\t\t\t<\/div>\n\t\t\t\t<div class=\"elementor-element elementor-element-6a4d5eda elementor-widget elementor-widget-heading\" data-id=\"6a4d5eda\" data-element_type=\"widget\" data-e-type=\"widget\" data-widget_type=\"heading.default\">\n\t\t\t\t<div class=\"elementor-widget-container\">\n\t\t\t\t\t<h2 class=\"elementor-heading-title elementor-size-default\">Director of Marketing Services<\/h2>\t\t\t\t<\/div>\n\t\t\t\t<\/div>\n\t\t\t\t<\/div>\n\t\t<div class=\"elementor-element elementor-element-1d4d91ee e-con-full e-flex e-con e-child\" data-id=\"1d4d91ee\" data-element_type=\"container\" data-e-type=\"container\">\n\t\t\t\t<div class=\"elementor-element elementor-element-2d09d93e elementor-widget elementor-widget-image\" data-id=\"2d09d93e\" data-element_type=\"widget\" data-e-type=\"widget\" data-widget_type=\"image.default\">\n\t\t\t\t<div class=\"elementor-widget-container\">\n\t\t\t\t\t\t\t\t\t\t\t\t\t\t\t<img decoding=\"async\" width=\"362\" height=\"353\" src=\"https:\/\/honestbee.se\/wp-content\/uploads\/2024\/04\/employees_03.jpg\" class=\"attachment-full size-full wp-image-305\" alt=\"\" srcset=\"https:\/\/honestbee.se\/wp-content\/uploads\/2024\/04\/employees_03.jpg 362w, https:\/\/honestbee.se\/wp-content\/uploads\/2024\/04\/employees_03-300x293.jpg 300w\" sizes=\"(max-width: 362px) 100vw, 362px\" \/>\t\t\t\t\t\t\t\t\t\t\t\t\t\t\t<\/div>\n\t\t\t\t<\/div>\n\t\t\t\t<div class=\"elementor-element elementor-element-39016703 elementor-widget elementor-widget-heading\" data-id=\"39016703\" data-element_type=\"widget\" data-e-type=\"widget\" data-widget_type=\"heading.default\">\n\t\t\t\t<div class=\"elementor-widget-container\">\n\t\t\t\t\t<h2 class=\"elementor-heading-title elementor-size-default\">Otis Bull<\/h2>\t\t\t\t<\/div>\n\t\t\t\t<\/div>\n\t\t\t\t<div class=\"elementor-element elementor-element-218fca6a elementor-widget elementor-widget-heading\" data-id=\"218fca6a\" data-element_type=\"widget\" data-e-type=\"widget\" data-widget_type=\"heading.default\">\n\t\t\t\t<div class=\"elementor-widget-container\">\n\t\t\t\t\t<h2 class=\"elementor-heading-title elementor-size-default\">Director of Digital Marketing<\/h2>\t\t\t\t<\/div>\n\t\t\t\t<\/div>\n\t\t\t\t<\/div>\n\t\t\t\t\t<\/div>\n\t\t\t\t<\/div>\n\t\t\t\t<\/div>\n\t\t","protected":false},"excerpt":{"rendered":"<p>Sm\u00e5f\u00f6retagare som g\u00f6r hemsidor f\u00f6r sm\u00e5f\u00f6retagare Detta \u00e4r v\u00e5ra v\u00e4rdeord som beskriver oss: Erfarenhet Personerna som jobbar h\u00e4r har sin bakgrund i en m\u00e4ngd olika branscher. Gemensamt har vi att vi allihop \u00e4r eller har varit sm\u00e5f\u00f6retagare. F\u00f6rst\u00e5else Med v\u00e5r bakgrund vet vi hur det \u00e4r att skala upp en verksamhet n\u00e4r det g\u00e5r bra. [&hellip;]<\/p>\n","protected":false},"author":1,"featured_media":317,"parent":0,"menu_order":0,"comment_status":"closed","ping_status":"closed","template":"elementor_header_footer","meta":{"footnotes":""},"class_list":["post-301","page","type-page","status-publish","has-post-thumbnail","hentry"],"yoast_head":"<!-- This site is optimized with the Yoast SEO plugin v27.2 - https:\/\/yoast.com\/product\/yoast-seo-wordpress\/ -->\n<title>Om oss - honestbee<\/title>\n<meta name=\"robots\" content=\"index, follow, max-snippet:-1, max-image-preview:large, max-video-preview:-1\" \/>\n<link rel=\"canonical\" href=\"https:\/\/honestbee.se\/index.php\/om-oss\/\" \/>\n<meta property=\"og:locale\" content=\"sv_SE\" \/>\n<meta property=\"og:type\" content=\"article\" \/>\n<meta property=\"og:title\" content=\"Om oss - honestbee\" \/>\n<meta property=\"og:description\" content=\"Sm\u00e5f\u00f6retagare som g\u00f6r hemsidor f\u00f6r sm\u00e5f\u00f6retagare Detta \u00e4r v\u00e5ra v\u00e4rdeord som beskriver oss: Erfarenhet Personerna som jobbar h\u00e4r har sin bakgrund i en m\u00e4ngd olika branscher. Gemensamt har vi att vi allihop \u00e4r eller har varit sm\u00e5f\u00f6retagare. F\u00f6rst\u00e5else Med v\u00e5r bakgrund vet vi hur det \u00e4r att skala upp en verksamhet n\u00e4r det g\u00e5r bra. [&hellip;]\" \/>\n<meta property=\"og:url\" content=\"https:\/\/honestbee.se\/index.php\/om-oss\/\" \/>\n<meta property=\"og:site_name\" content=\"honestbee\" \/>\n<meta property=\"article:publisher\" content=\"https:\/\/www.facebook.com\/honestbee.se\" \/>\n<meta property=\"article:modified_time\" content=\"2024-04-29T12:37:18+00:00\" \/>\n<meta property=\"og:image\" content=\"https:\/\/honestbee.se\/wp-content\/uploads\/2024\/04\/Digital-Marketing-Agency-About.jpg\" \/>\n\t<meta property=\"og:image:width\" content=\"400\" \/>\n\t<meta property=\"og:image:height\" content=\"380\" \/>\n\t<meta property=\"og:image:type\" content=\"image\/jpeg\" \/>\n<meta name=\"twitter:card\" content=\"summary_large_image\" \/>\n<meta name=\"twitter:label1\" content=\"Ber\u00e4knad l\u00e4stid\" \/>\n\t<meta name=\"twitter:data1\" content=\"2 minuter\" \/>\n<script type=\"application\/ld+json\" class=\"yoast-schema-graph\">{\"@context\":\"https:\/\/schema.org\",\"@graph\":[{\"@type\":\"WebPage\",\"@id\":\"https:\/\/honestbee.se\/index.php\/om-oss\/\",\"url\":\"https:\/\/honestbee.se\/index.php\/om-oss\/\",\"name\":\"Om oss - honestbee\",\"isPartOf\":{\"@id\":\"https:\/\/honestbee.se\/#website\"},\"primaryImageOfPage\":{\"@id\":\"https:\/\/honestbee.se\/index.php\/om-oss\/#primaryimage\"},\"image\":{\"@id\":\"https:\/\/honestbee.se\/index.php\/om-oss\/#primaryimage\"},\"thumbnailUrl\":\"https:\/\/honestbee.se\/wp-content\/uploads\/2024\/04\/Digital-Marketing-Agency-About.jpg\",\"datePublished\":\"2024-04-28T15:18:41+00:00\",\"dateModified\":\"2024-04-29T12:37:18+00:00\",\"breadcrumb\":{\"@id\":\"https:\/\/honestbee.se\/index.php\/om-oss\/#breadcrumb\"},\"inLanguage\":\"sv-SE\",\"potentialAction\":[{\"@type\":\"ReadAction\",\"target\":[\"https:\/\/honestbee.se\/index.php\/om-oss\/\"]}]},{\"@type\":\"ImageObject\",\"inLanguage\":\"sv-SE\",\"@id\":\"https:\/\/honestbee.se\/index.php\/om-oss\/#primaryimage\",\"url\":\"https:\/\/honestbee.se\/wp-content\/uploads\/2024\/04\/Digital-Marketing-Agency-About.jpg\",\"contentUrl\":\"https:\/\/honestbee.se\/wp-content\/uploads\/2024\/04\/Digital-Marketing-Agency-About.jpg\",\"width\":400,\"height\":380},{\"@type\":\"BreadcrumbList\",\"@id\":\"https:\/\/honestbee.se\/index.php\/om-oss\/#breadcrumb\",\"itemListElement\":[{\"@type\":\"ListItem\",\"position\":1,\"name\":\"Hem\",\"item\":\"https:\/\/honestbee.se\/\"},{\"@type\":\"ListItem\",\"position\":2,\"name\":\"Om oss\"}]},{\"@type\":\"WebSite\",\"@id\":\"https:\/\/honestbee.se\/#website\",\"url\":\"https:\/\/honestbee.se\/\",\"name\":\"honestbee\",\"description\":\"\",\"publisher\":{\"@id\":\"https:\/\/honestbee.se\/#organization\"},\"potentialAction\":[{\"@type\":\"SearchAction\",\"target\":{\"@type\":\"EntryPoint\",\"urlTemplate\":\"https:\/\/honestbee.se\/?s={search_term_string}\"},\"query-input\":{\"@type\":\"PropertyValueSpecification\",\"valueRequired\":true,\"valueName\":\"search_term_string\"}}],\"inLanguage\":\"sv-SE\"},{\"@type\":\"Organization\",\"@id\":\"https:\/\/honestbee.se\/#organization\",\"name\":\"honestbee\",\"url\":\"https:\/\/honestbee.se\/\",\"logo\":{\"@type\":\"ImageObject\",\"inLanguage\":\"sv-SE\",\"@id\":\"https:\/\/honestbee.se\/#\/schema\/logo\/image\/\",\"url\":\"https:\/\/honestbee.se\/wp-content\/uploads\/2024\/04\/logo-honestbee.png\",\"contentUrl\":\"https:\/\/honestbee.se\/wp-content\/uploads\/2024\/04\/logo-honestbee.png\",\"width\":663,\"height\":136,\"caption\":\"honestbee\"},\"image\":{\"@id\":\"https:\/\/honestbee.se\/#\/schema\/logo\/image\/\"},\"sameAs\":[\"https:\/\/www.facebook.com\/honestbee.se\",\"https:\/\/www.instagram.com\/honestbee.se\"]}]}<\/script>\n<!-- \/ Yoast SEO plugin. -->","yoast_head_json":{"title":"Om oss - honestbee","robots":{"index":"index","follow":"follow","max-snippet":"max-snippet:-1","max-image-preview":"max-image-preview:large","max-video-preview":"max-video-preview:-1"},"canonical":"https:\/\/honestbee.se\/index.php\/om-oss\/","og_locale":"sv_SE","og_type":"article","og_title":"Om oss - honestbee","og_description":"Sm\u00e5f\u00f6retagare som g\u00f6r hemsidor f\u00f6r sm\u00e5f\u00f6retagare Detta \u00e4r v\u00e5ra v\u00e4rdeord som beskriver oss: Erfarenhet Personerna som jobbar h\u00e4r har sin bakgrund i en m\u00e4ngd olika branscher. Gemensamt har vi att vi allihop \u00e4r eller har varit sm\u00e5f\u00f6retagare. F\u00f6rst\u00e5else Med v\u00e5r bakgrund vet vi hur det \u00e4r att skala upp en verksamhet n\u00e4r det g\u00e5r bra. [&hellip;]","og_url":"https:\/\/honestbee.se\/index.php\/om-oss\/","og_site_name":"honestbee","article_publisher":"https:\/\/www.facebook.com\/honestbee.se","article_modified_time":"2024-04-29T12:37:18+00:00","og_image":[{"width":400,"height":380,"url":"https:\/\/honestbee.se\/wp-content\/uploads\/2024\/04\/Digital-Marketing-Agency-About.jpg","type":"image\/jpeg"}],"twitter_card":"summary_large_image","twitter_misc":{"Ber\u00e4knad l\u00e4stid":"2 minuter"},"schema":{"@context":"https:\/\/schema.org","@graph":[{"@type":"WebPage","@id":"https:\/\/honestbee.se\/index.php\/om-oss\/","url":"https:\/\/honestbee.se\/index.php\/om-oss\/","name":"Om oss - honestbee","isPartOf":{"@id":"https:\/\/honestbee.se\/#website"},"primaryImageOfPage":{"@id":"https:\/\/honestbee.se\/index.php\/om-oss\/#primaryimage"},"image":{"@id":"https:\/\/honestbee.se\/index.php\/om-oss\/#primaryimage"},"thumbnailUrl":"https:\/\/honestbee.se\/wp-content\/uploads\/2024\/04\/Digital-Marketing-Agency-About.jpg","datePublished":"2024-04-28T15:18:41+00:00","dateModified":"2024-04-29T12:37:18+00:00","breadcrumb":{"@id":"https:\/\/honestbee.se\/index.php\/om-oss\/#breadcrumb"},"inLanguage":"sv-SE","potentialAction":[{"@type":"ReadAction","target":["https:\/\/honestbee.se\/index.php\/om-oss\/"]}]},{"@type":"ImageObject","inLanguage":"sv-SE","@id":"https:\/\/honestbee.se\/index.php\/om-oss\/#primaryimage","url":"https:\/\/honestbee.se\/wp-content\/uploads\/2024\/04\/Digital-Marketing-Agency-About.jpg","contentUrl":"https:\/\/honestbee.se\/wp-content\/uploads\/2024\/04\/Digital-Marketing-Agency-About.jpg","width":400,"height":380},{"@type":"BreadcrumbList","@id":"https:\/\/honestbee.se\/index.php\/om-oss\/#breadcrumb","itemListElement":[{"@type":"ListItem","position":1,"name":"Hem","item":"https:\/\/honestbee.se\/"},{"@type":"ListItem","position":2,"name":"Om oss"}]},{"@type":"WebSite","@id":"https:\/\/honestbee.se\/#website","url":"https:\/\/honestbee.se\/","name":"honestbee","description":"","publisher":{"@id":"https:\/\/honestbee.se\/#organization"},"potentialAction":[{"@type":"SearchAction","target":{"@type":"EntryPoint","urlTemplate":"https:\/\/honestbee.se\/?s={search_term_string}"},"query-input":{"@type":"PropertyValueSpecification","valueRequired":true,"valueName":"search_term_string"}}],"inLanguage":"sv-SE"},{"@type":"Organization","@id":"https:\/\/honestbee.se\/#organization","name":"honestbee","url":"https:\/\/honestbee.se\/","logo":{"@type":"ImageObject","inLanguage":"sv-SE","@id":"https:\/\/honestbee.se\/#\/schema\/logo\/image\/","url":"https:\/\/honestbee.se\/wp-content\/uploads\/2024\/04\/logo-honestbee.png","contentUrl":"https:\/\/honestbee.se\/wp-content\/uploads\/2024\/04\/logo-honestbee.png","width":663,"height":136,"caption":"honestbee"},"image":{"@id":"https:\/\/honestbee.se\/#\/schema\/logo\/image\/"},"sameAs":["https:\/\/www.facebook.com\/honestbee.se","https:\/\/www.instagram.com\/honestbee.se"]}]}},"_links":{"self":[{"href":"https:\/\/honestbee.se\/index.php\/wp-json\/wp\/v2\/pages\/301","targetHints":{"allow":["GET"]}}],"collection":[{"href":"https:\/\/honestbee.se\/index.php\/wp-json\/wp\/v2\/pages"}],"about":[{"href":"https:\/\/honestbee.se\/index.php\/wp-json\/wp\/v2\/types\/page"}],"author":[{"embeddable":true,"href":"https:\/\/honestbee.se\/index.php\/wp-json\/wp\/v2\/users\/1"}],"replies":[{"embeddable":true,"href":"https:\/\/honestbee.se\/index.php\/wp-json\/wp\/v2\/comments?post=301"}],"version-history":[{"count":23,"href":"https:\/\/honestbee.se\/index.php\/wp-json\/wp\/v2\/pages\/301\/revisions"}],"predecessor-version":[{"id":632,"href":"https:\/\/honestbee.se\/index.php\/wp-json\/wp\/v2\/pages\/301\/revisions\/632"}],"wp:featuredmedia":[{"embeddable":true,"href":"https:\/\/honestbee.se\/index.php\/wp-json\/wp\/v2\/media\/317"}],"wp:attachment":[{"href":"https:\/\/honestbee.se\/index.php\/wp-json\/wp\/v2\/media?parent=301"}],"curies":[{"name":"wp","href":"https:\/\/api.w.org\/{rel}","templated":true}]}}