{"id":297,"date":"2024-04-28T15:18:41","date_gmt":"2024-04-28T15:18:41","guid":{"rendered":"https:\/\/honestbee.se\/index.php\/contact-us\/"},"modified":"2026-02-03T00:31:04","modified_gmt":"2026-02-03T00:31:04","slug":"contact-us","status":"publish","type":"page","link":"https:\/\/honestbee.se\/index.php\/contact-us\/","title":{"rendered":"Kontakt"},"content":{"rendered":"\t\t<div data-elementor-type=\"wp-page\" data-elementor-id=\"297\" class=\"elementor elementor-297\" data-elementor-post-type=\"page\">\n\t\t\t\t<div class=\"elementor-element elementor-element-2a904072 e-flex e-con-boxed e-con e-parent\" data-id=\"2a904072\" data-element_type=\"container\" data-e-type=\"container\">\n\t\t\t\t\t<div class=\"e-con-inner\">\n\t\t<div class=\"elementor-element elementor-element-8f97a78 e-con-full e-flex e-con e-child\" data-id=\"8f97a78\" data-element_type=\"container\" data-e-type=\"container\">\n\t\t\t\t<div class=\"elementor-element elementor-element-6f093c5 elementor-widget__width-initial elementor-widget-mobile__width-initial elementor-widget elementor-widget-heading\" data-id=\"6f093c5\" data-element_type=\"widget\" data-e-type=\"widget\" data-widget_type=\"heading.default\">\n\t\t\t\t<div class=\"elementor-widget-container\">\n\t\t\t\t\t<h1 class=\"elementor-heading-title elementor-size-default\">Hur funkar det?<\/h1>\t\t\t\t<\/div>\n\t\t\t\t<\/div>\n\t\t\t\t<div class=\"elementor-element elementor-element-c136afb elementor-widget__width-initial elementor-widget-mobile__width-initial elementor-widget elementor-widget-heading\" data-id=\"c136afb\" data-element_type=\"widget\" data-e-type=\"widget\" data-widget_type=\"heading.default\">\n\t\t\t\t<div class=\"elementor-widget-container\">\n\t\t\t\t\t<h1 class=\"elementor-heading-title elementor-size-default\">Vad kostar det?<\/h1>\t\t\t\t<\/div>\n\t\t\t\t<\/div>\n\t\t\t\t<div class=\"elementor-element elementor-element-b2b4cd9 elementor-widget__width-initial elementor-widget-mobile__width-initial elementor-widget elementor-widget-heading\" data-id=\"b2b4cd9\" data-element_type=\"widget\" data-e-type=\"widget\" data-widget_type=\"heading.default\">\n\t\t\t\t<div class=\"elementor-widget-container\">\n\t\t\t\t\t<h1 class=\"elementor-heading-title elementor-size-default\">Hur l\u00e5ng tid tar det?<\/h1>\t\t\t\t<\/div>\n\t\t\t\t<\/div>\n\t\t\t\t<\/div>\n\t\t\t\t<div class=\"elementor-element elementor-element-39987583 elementor-widget elementor-widget-text-editor\" data-id=\"39987583\" data-element_type=\"widget\" data-e-type=\"widget\" data-widget_type=\"text-editor.default\">\n\t\t\t\t<div class=\"elementor-widget-container\">\n\t\t\t\t\t\t\t\t\t<p>Det dyker ofta upp m\u00e5nga fr\u00e5gor kring en ny hemsida. Det \u00e4r lite av denna branschen:s signum att det ibland l\u00e5ter sv\u00e5rare \u00e4n vad det kan vara. D\u00e4rf\u00f6r har vi skapat tydliga exempel p\u00e5 hemsidor som du kan v\u00e4lja mellan som ocks\u00e5 g\u00f6r det m\u00f6jligt f\u00f6r oss att erbjuda riktigt prisv\u00e4rda hemsidor. Exempel f\u00e5r du se efter kontakt med oss.<\/p><p>Och ja vi fattar. Du vill ha information kring priserna. Vi r\u00e4cker upp handen f\u00f6r pristransparens (s\u00e4rskilt i denna bransch) och borde d\u00e5 naturligtvis lista v\u00e5ra priser.\u00a0<br \/>Av erfarenhet ser setup:en f\u00f6r en ny hemsida lite olika ut varje g\u00e5ng, tex. beroende p\u00e5 om du har ett dom\u00e4nnamn eller inte.\u00a0<\/p><p>S\u00e5 vi \u00f6nskar kontakt med dig f\u00f6rst. Men som sagt \u2013 transparens \u00e4r n\u00e5got vi \u00e4r stolta \u00f6ver. S\u00e5 fyll i din kontakt h\u00e4r, s\u00e5 h\u00f6r vi av oss med info och priser.<\/p>\t\t\t\t\t\t\t\t<\/div>\n\t\t\t\t<\/div>\n\t\t\t\t\t<\/div>\n\t\t\t\t<\/div>\n\t\t<div class=\"elementor-element elementor-element-1a72429 e-flex e-con-boxed e-con e-parent\" data-id=\"1a72429\" data-element_type=\"container\" data-e-type=\"container\">\n\t\t\t\t\t<div class=\"e-con-inner\">\n\t\t<div class=\"elementor-element elementor-element-2eb5333a e-con-full e-flex e-con e-child\" data-id=\"2eb5333a\" data-element_type=\"container\" data-e-type=\"container\">\n\t\t<div class=\"elementor-element elementor-element-c0d9705 e-con-full e-flex e-con e-child\" data-id=\"c0d9705\" data-element_type=\"container\" data-e-type=\"container\">\n\t\t\t\t<div class=\"elementor-element elementor-element-4b8033e5 elementor-widget elementor-widget-heading\" data-id=\"4b8033e5\" data-element_type=\"widget\" data-e-type=\"widget\" data-widget_type=\"heading.default\">\n\t\t\t\t<div class=\"elementor-widget-container\">\n\t\t\t\t\t<h2 class=\"elementor-heading-title elementor-size-default\">HONESTBEE<\/h2>\t\t\t\t<\/div>\n\t\t\t\t<\/div>\n\t\t\t\t<div class=\"elementor-element elementor-element-33ad89ca elementor-mobile-align-center elementor-icon-list--layout-traditional elementor-list-item-link-full_width elementor-widget elementor-widget-icon-list\" data-id=\"33ad89ca\" data-element_type=\"widget\" data-e-type=\"widget\" data-widget_type=\"icon-list.default\">\n\t\t\t\t<div class=\"elementor-widget-container\">\n\t\t\t\t\t\t\t<ul class=\"elementor-icon-list-items\">\n\t\t\t\t\t\t\t<li class=\"elementor-icon-list-item\">\n\t\t\t\t\t\t\t\t\t\t<span class=\"elementor-icon-list-text\">team@honestbee.se<\/span>\n\t\t\t\t\t\t\t\t\t<\/li>\n\t\t\t\t\t\t\t\t<li class=\"elementor-icon-list-item\">\n\t\t\t\t\t\t\t\t\t\t<span class=\"elementor-icon-list-text\">M\u00e5n-Fre 08.00-17.00<\/span>\n\t\t\t\t\t\t\t\t\t<\/li>\n\t\t\t\t\t\t<\/ul>\n\t\t\t\t\t\t<\/div>\n\t\t\t\t<\/div>\n\t\t\t\t<\/div>\n\t\t<div class=\"elementor-element elementor-element-10f13729 e-con-full e-flex e-con e-child\" data-id=\"10f13729\" data-element_type=\"container\" data-e-type=\"container\">\n\t\t\t\t<div class=\"elementor-element elementor-element-50970e66 elementor-widget elementor-widget-heading\" data-id=\"50970e66\" data-element_type=\"widget\" data-e-type=\"widget\" data-widget_type=\"heading.default\">\n\t\t\t\t<div class=\"elementor-widget-container\">\n\t\t\t\t\t<h2 class=\"elementor-heading-title elementor-size-default\">Press<\/h2>\t\t\t\t<\/div>\n\t\t\t\t<\/div>\n\t\t\t\t<div class=\"elementor-element elementor-element-5a8144bf elementor-mobile-align-center elementor-icon-list--layout-traditional elementor-list-item-link-full_width elementor-widget elementor-widget-icon-list\" data-id=\"5a8144bf\" data-element_type=\"widget\" data-e-type=\"widget\" data-widget_type=\"icon-list.default\">\n\t\t\t\t<div class=\"elementor-widget-container\">\n\t\t\t\t\t\t\t<ul class=\"elementor-icon-list-items\">\n\t\t\t\t\t\t\t<li class=\"elementor-icon-list-item\">\n\t\t\t\t\t\t\t\t\t\t\t<a href=\"mailto:press@younicagency.com\">\n\n\t\t\t\t\t\t\t\t\t\t\t<span class=\"elementor-icon-list-text\">press@honestbee.se<\/span>\n\t\t\t\t\t\t\t\t\t\t\t<\/a>\n\t\t\t\t\t\t\t\t\t<\/li>\n\t\t\t\t\t\t<\/ul>\n\t\t\t\t\t\t<\/div>\n\t\t\t\t<\/div>\n\t\t\t\t<\/div>\n\t\t\t\t<\/div>\n\t\t<div class=\"elementor-element elementor-element-59f5a0bf e-con-full e-flex e-con e-child\" data-id=\"59f5a0bf\" data-element_type=\"container\" data-e-type=\"container\">\n\t\t\t\t<div class=\"elementor-element elementor-element-2319d167 elementor-widget elementor-widget-heading\" data-id=\"2319d167\" data-element_type=\"widget\" data-e-type=\"widget\" data-widget_type=\"heading.default\">\n\t\t\t\t<div class=\"elementor-widget-container\">\n\t\t\t\t\t<h2 class=\"elementor-heading-title elementor-size-default\">Vill du att vi ringer dig?<\/h2>\t\t\t\t<\/div>\n\t\t\t\t<\/div>\n\t\t\t\t<div class=\"elementor-element elementor-element-4c6564c5 elementor-widget elementor-widget-text-editor\" data-id=\"4c6564c5\" data-element_type=\"widget\" data-e-type=\"widget\" data-widget_type=\"text-editor.default\">\n\t\t\t\t<div class=\"elementor-widget-container\">\n\t\t\t\t\t\t\t\t\t<p>Fyll i dina uppgifter s\u00e5 h\u00f6r vi av oss n\u00e4rmaste vardag.<\/p>\t\t\t\t\t\t\t\t<\/div>\n\t\t\t\t<\/div>\n\t\t\t\t<div class=\"elementor-element elementor-element-c929665 elementor-button-align-end elementor-mobile-button-align-center elementor-tablet-button-align-start elementor-widget elementor-widget-form\" data-id=\"c929665\" data-element_type=\"widget\" data-e-type=\"widget\" data-settings=\"{&quot;step_next_label&quot;:&quot;Next&quot;,&quot;step_previous_label&quot;:&quot;Previous&quot;,&quot;button_width&quot;:&quot;100&quot;,&quot;step_type&quot;:&quot;number_text&quot;,&quot;step_icon_shape&quot;:&quot;circle&quot;}\" data-widget_type=\"form.default\">\n\t\t\t\t<div class=\"elementor-widget-container\">\n\t\t\t\t\t\t\t<form class=\"elementor-form\" method=\"post\" name=\"Contact Form\">\n\t\t\t<input type=\"hidden\" name=\"post_id\" value=\"297\"\/>\n\t\t\t<input type=\"hidden\" name=\"form_id\" value=\"c929665\"\/>\n\t\t\t<input type=\"hidden\" name=\"referer_title\" value=\"Kontakt - honestbee\" \/>\n\n\t\t\t\t\t\t\t<input type=\"hidden\" name=\"queried_id\" value=\"297\"\/>\n\t\t\t\n\t\t\t<div class=\"elementor-form-fields-wrapper elementor-labels-\">\n\t\t\t\t\t\t\t\t<div class=\"elementor-field-type-text elementor-field-group elementor-column elementor-field-group-name elementor-col-50 elementor-field-required\">\n\t\t\t\t\t\t\t\t\t\t\t\t<label for=\"form-field-name\" class=\"elementor-field-label elementor-screen-only\">\n\t\t\t\t\t\t\t\tFirst Name*\t\t\t\t\t\t\t<\/label>\n\t\t\t\t\t\t\t\t\t\t\t\t\t\t<input size=\"1\" type=\"text\" name=\"form_fields[name]\" id=\"form-field-name\" class=\"elementor-field elementor-size-sm  elementor-field-textual\" placeholder=\"F\u00f6rnamn\" required=\"required\" aria-required=\"true\">\n\t\t\t\t\t\t\t\t\t\t\t<\/div>\n\t\t\t\t\t\t\t\t<div class=\"elementor-field-type-text elementor-field-group elementor-column elementor-field-group-field_fcf48d1 elementor-col-50 elementor-field-required\">\n\t\t\t\t\t\t\t\t\t\t\t\t<label for=\"form-field-field_fcf48d1\" class=\"elementor-field-label elementor-screen-only\">\n\t\t\t\t\t\t\t\tLast Name*\t\t\t\t\t\t\t<\/label>\n\t\t\t\t\t\t\t\t\t\t\t\t\t\t<input size=\"1\" type=\"text\" name=\"form_fields[field_fcf48d1]\" id=\"form-field-field_fcf48d1\" class=\"elementor-field elementor-size-sm  elementor-field-textual\" placeholder=\"Efternamn\" required=\"required\" aria-required=\"true\">\n\t\t\t\t\t\t\t\t\t\t\t<\/div>\n\t\t\t\t\t\t\t\t<div class=\"elementor-field-type-tel elementor-field-group elementor-column elementor-field-group-field_0f15ebc elementor-col-50 elementor-md-100 elementor-field-required\">\n\t\t\t\t\t\t\t\t\t\t\t\t<label for=\"form-field-field_0f15ebc\" class=\"elementor-field-label elementor-screen-only\">\n\t\t\t\t\t\t\t\tPhone Number*\t\t\t\t\t\t\t<\/label>\n\t\t\t\t\t\t\t\t<input size=\"1\" type=\"tel\" name=\"form_fields[field_0f15ebc]\" id=\"form-field-field_0f15ebc\" class=\"elementor-field elementor-size-sm  elementor-field-textual\" placeholder=\"Telefonnummer\" required=\"required\" aria-required=\"true\" pattern=\"[0-9()#&amp;+*-=.]+\" title=\"Endast siffror och telefontecken (#, -, *, etc) accepteras.\">\n\n\t\t\t\t\t\t<\/div>\n\t\t\t\t\t\t\t\t<div class=\"elementor-field-type-email elementor-field-group elementor-column elementor-field-group-field_b6d7768 elementor-col-50 elementor-md-100 elementor-field-required\">\n\t\t\t\t\t\t\t\t\t\t\t\t<label for=\"form-field-field_b6d7768\" class=\"elementor-field-label elementor-screen-only\">\n\t\t\t\t\t\t\t\tEmail Address*\t\t\t\t\t\t\t<\/label>\n\t\t\t\t\t\t\t\t\t\t\t\t\t\t<input size=\"1\" type=\"email\" name=\"form_fields[field_b6d7768]\" id=\"form-field-field_b6d7768\" class=\"elementor-field elementor-size-sm  elementor-field-textual\" placeholder=\"Email\" required=\"required\" aria-required=\"true\">\n\t\t\t\t\t\t\t\t\t\t\t<\/div>\n\t\t\t\t\t\t\t\t<div class=\"elementor-field-type-textarea elementor-field-group elementor-column elementor-field-group-message elementor-col-100\">\n\t\t\t\t\t\t\t\t\t\t\t\t<label for=\"form-field-message\" class=\"elementor-field-label elementor-screen-only\">\n\t\t\t\t\t\t\t\tMessage\t\t\t\t\t\t\t<\/label>\n\t\t\t\t\t\t<textarea class=\"elementor-field-textual elementor-field  elementor-size-sm\" name=\"form_fields[message]\" id=\"form-field-message\" rows=\"4\" placeholder=\"Ber\u00e4tta f\u00f6r oss dina tankar kring en ny hemsida. Skriv g\u00e4rna med vad organisationen\/f\u00f6retaget heter. Vi h\u00f6rs!\"><\/textarea>\t\t\t\t<\/div>\n\t\t\t\t\t\t\t\t<div class=\"elementor-field-group elementor-column elementor-field-type-submit elementor-col-100 e-form__buttons\">\n\t\t\t\t\t<button class=\"elementor-button elementor-size-md\" type=\"submit\">\n\t\t\t\t\t\t<span class=\"elementor-button-content-wrapper\">\n\t\t\t\t\t\t\t\t\t\t\t\t\t\t\t\t\t\t\t\t\t\t<span class=\"elementor-button-text\">Skicka<\/span>\n\t\t\t\t\t\t\t\t\t\t\t\t\t<\/span>\n\t\t\t\t\t<\/button>\n\t\t\t\t<\/div>\n\t\t\t<\/div>\n\t\t<\/form>\n\t\t\t\t\t\t<\/div>\n\t\t\t\t<\/div>\n\t\t\t\t<\/div>\n\t\t\t\t\t<\/div>\n\t\t\t\t<\/div>\n\t\t\t\t<\/div>\n\t\t","protected":false},"excerpt":{"rendered":"<p>Hur funkar det? Vad kostar det? Hur l\u00e5ng tid tar det? Det dyker ofta upp m\u00e5nga fr\u00e5gor kring en ny hemsida. Det \u00e4r lite av denna branschen:s signum att det ibland l\u00e5ter sv\u00e5rare \u00e4n vad det kan vara. D\u00e4rf\u00f6r har vi skapat tydliga exempel p\u00e5 hemsidor som du kan v\u00e4lja mellan som ocks\u00e5 g\u00f6r det [&hellip;]<\/p>\n","protected":false},"author":1,"featured_media":300,"parent":0,"menu_order":0,"comment_status":"closed","ping_status":"closed","template":"elementor_header_footer","meta":{"footnotes":""},"class_list":["post-297","page","type-page","status-publish","has-post-thumbnail","hentry"],"yoast_head":"<!-- This site is optimized with the Yoast SEO plugin v27.2 - https:\/\/yoast.com\/product\/yoast-seo-wordpress\/ -->\n<title>Kontakt - honestbee<\/title>\n<meta name=\"robots\" content=\"index, follow, max-snippet:-1, max-image-preview:large, max-video-preview:-1\" \/>\n<link rel=\"canonical\" href=\"https:\/\/honestbee.se\/index.php\/contact-us\/\" \/>\n<meta property=\"og:locale\" content=\"sv_SE\" \/>\n<meta property=\"og:type\" content=\"article\" \/>\n<meta property=\"og:title\" content=\"Kontakt - honestbee\" \/>\n<meta property=\"og:description\" content=\"Hur funkar det? Vad kostar det? Hur l\u00e5ng tid tar det? Det dyker ofta upp m\u00e5nga fr\u00e5gor kring en ny hemsida. Det \u00e4r lite av denna branschen:s signum att det ibland l\u00e5ter sv\u00e5rare \u00e4n vad det kan vara. D\u00e4rf\u00f6r har vi skapat tydliga exempel p\u00e5 hemsidor som du kan v\u00e4lja mellan som ocks\u00e5 g\u00f6r det [&hellip;]\" \/>\n<meta property=\"og:url\" content=\"https:\/\/honestbee.se\/index.php\/contact-us\/\" \/>\n<meta property=\"og:site_name\" content=\"honestbee\" \/>\n<meta property=\"article:publisher\" content=\"https:\/\/www.facebook.com\/honestbee.se\" \/>\n<meta property=\"article:modified_time\" content=\"2026-02-03T00:31:04+00:00\" \/>\n<meta property=\"og:image\" content=\"https:\/\/honestbee.se\/wp-content\/uploads\/2024\/04\/Digital-Marketing-Agency-Contact-Us.jpg\" \/>\n\t<meta property=\"og:image:width\" content=\"400\" \/>\n\t<meta property=\"og:image:height\" content=\"380\" \/>\n\t<meta property=\"og:image:type\" content=\"image\/jpeg\" \/>\n<meta name=\"twitter:card\" content=\"summary_large_image\" \/>\n<meta name=\"twitter:label1\" content=\"Ber\u00e4knad l\u00e4stid\" \/>\n\t<meta name=\"twitter:data1\" content=\"1 minut\" \/>\n<script type=\"application\/ld+json\" class=\"yoast-schema-graph\">{\"@context\":\"https:\/\/schema.org\",\"@graph\":[{\"@type\":\"WebPage\",\"@id\":\"https:\/\/honestbee.se\/index.php\/contact-us\/\",\"url\":\"https:\/\/honestbee.se\/index.php\/contact-us\/\",\"name\":\"Kontakt - honestbee\",\"isPartOf\":{\"@id\":\"https:\/\/honestbee.se\/#website\"},\"primaryImageOfPage\":{\"@id\":\"https:\/\/honestbee.se\/index.php\/contact-us\/#primaryimage\"},\"image\":{\"@id\":\"https:\/\/honestbee.se\/index.php\/contact-us\/#primaryimage\"},\"thumbnailUrl\":\"https:\/\/honestbee.se\/wp-content\/uploads\/2024\/04\/Digital-Marketing-Agency-Contact-Us.jpg\",\"datePublished\":\"2024-04-28T15:18:41+00:00\",\"dateModified\":\"2026-02-03T00:31:04+00:00\",\"breadcrumb\":{\"@id\":\"https:\/\/honestbee.se\/index.php\/contact-us\/#breadcrumb\"},\"inLanguage\":\"sv-SE\",\"potentialAction\":[{\"@type\":\"ReadAction\",\"target\":[\"https:\/\/honestbee.se\/index.php\/contact-us\/\"]}]},{\"@type\":\"ImageObject\",\"inLanguage\":\"sv-SE\",\"@id\":\"https:\/\/honestbee.se\/index.php\/contact-us\/#primaryimage\",\"url\":\"https:\/\/honestbee.se\/wp-content\/uploads\/2024\/04\/Digital-Marketing-Agency-Contact-Us.jpg\",\"contentUrl\":\"https:\/\/honestbee.se\/wp-content\/uploads\/2024\/04\/Digital-Marketing-Agency-Contact-Us.jpg\",\"width\":400,\"height\":380},{\"@type\":\"BreadcrumbList\",\"@id\":\"https:\/\/honestbee.se\/index.php\/contact-us\/#breadcrumb\",\"itemListElement\":[{\"@type\":\"ListItem\",\"position\":1,\"name\":\"Hem\",\"item\":\"https:\/\/honestbee.se\/\"},{\"@type\":\"ListItem\",\"position\":2,\"name\":\"Kontakt\"}]},{\"@type\":\"WebSite\",\"@id\":\"https:\/\/honestbee.se\/#website\",\"url\":\"https:\/\/honestbee.se\/\",\"name\":\"honestbee\",\"description\":\"\",\"publisher\":{\"@id\":\"https:\/\/honestbee.se\/#organization\"},\"potentialAction\":[{\"@type\":\"SearchAction\",\"target\":{\"@type\":\"EntryPoint\",\"urlTemplate\":\"https:\/\/honestbee.se\/?s={search_term_string}\"},\"query-input\":{\"@type\":\"PropertyValueSpecification\",\"valueRequired\":true,\"valueName\":\"search_term_string\"}}],\"inLanguage\":\"sv-SE\"},{\"@type\":\"Organization\",\"@id\":\"https:\/\/honestbee.se\/#organization\",\"name\":\"honestbee\",\"url\":\"https:\/\/honestbee.se\/\",\"logo\":{\"@type\":\"ImageObject\",\"inLanguage\":\"sv-SE\",\"@id\":\"https:\/\/honestbee.se\/#\/schema\/logo\/image\/\",\"url\":\"https:\/\/honestbee.se\/wp-content\/uploads\/2024\/04\/logo-honestbee.png\",\"contentUrl\":\"https:\/\/honestbee.se\/wp-content\/uploads\/2024\/04\/logo-honestbee.png\",\"width\":663,\"height\":136,\"caption\":\"honestbee\"},\"image\":{\"@id\":\"https:\/\/honestbee.se\/#\/schema\/logo\/image\/\"},\"sameAs\":[\"https:\/\/www.facebook.com\/honestbee.se\",\"https:\/\/www.instagram.com\/honestbee.se\"]}]}<\/script>\n<!-- \/ Yoast SEO plugin. -->","yoast_head_json":{"title":"Kontakt - honestbee","robots":{"index":"index","follow":"follow","max-snippet":"max-snippet:-1","max-image-preview":"max-image-preview:large","max-video-preview":"max-video-preview:-1"},"canonical":"https:\/\/honestbee.se\/index.php\/contact-us\/","og_locale":"sv_SE","og_type":"article","og_title":"Kontakt - honestbee","og_description":"Hur funkar det? Vad kostar det? Hur l\u00e5ng tid tar det? Det dyker ofta upp m\u00e5nga fr\u00e5gor kring en ny hemsida. Det \u00e4r lite av denna branschen:s signum att det ibland l\u00e5ter sv\u00e5rare \u00e4n vad det kan vara. D\u00e4rf\u00f6r har vi skapat tydliga exempel p\u00e5 hemsidor som du kan v\u00e4lja mellan som ocks\u00e5 g\u00f6r det [&hellip;]","og_url":"https:\/\/honestbee.se\/index.php\/contact-us\/","og_site_name":"honestbee","article_publisher":"https:\/\/www.facebook.com\/honestbee.se","article_modified_time":"2026-02-03T00:31:04+00:00","og_image":[{"width":400,"height":380,"url":"https:\/\/honestbee.se\/wp-content\/uploads\/2024\/04\/Digital-Marketing-Agency-Contact-Us.jpg","type":"image\/jpeg"}],"twitter_card":"summary_large_image","twitter_misc":{"Ber\u00e4knad l\u00e4stid":"1 minut"},"schema":{"@context":"https:\/\/schema.org","@graph":[{"@type":"WebPage","@id":"https:\/\/honestbee.se\/index.php\/contact-us\/","url":"https:\/\/honestbee.se\/index.php\/contact-us\/","name":"Kontakt - honestbee","isPartOf":{"@id":"https:\/\/honestbee.se\/#website"},"primaryImageOfPage":{"@id":"https:\/\/honestbee.se\/index.php\/contact-us\/#primaryimage"},"image":{"@id":"https:\/\/honestbee.se\/index.php\/contact-us\/#primaryimage"},"thumbnailUrl":"https:\/\/honestbee.se\/wp-content\/uploads\/2024\/04\/Digital-Marketing-Agency-Contact-Us.jpg","datePublished":"2024-04-28T15:18:41+00:00","dateModified":"2026-02-03T00:31:04+00:00","breadcrumb":{"@id":"https:\/\/honestbee.se\/index.php\/contact-us\/#breadcrumb"},"inLanguage":"sv-SE","potentialAction":[{"@type":"ReadAction","target":["https:\/\/honestbee.se\/index.php\/contact-us\/"]}]},{"@type":"ImageObject","inLanguage":"sv-SE","@id":"https:\/\/honestbee.se\/index.php\/contact-us\/#primaryimage","url":"https:\/\/honestbee.se\/wp-content\/uploads\/2024\/04\/Digital-Marketing-Agency-Contact-Us.jpg","contentUrl":"https:\/\/honestbee.se\/wp-content\/uploads\/2024\/04\/Digital-Marketing-Agency-Contact-Us.jpg","width":400,"height":380},{"@type":"BreadcrumbList","@id":"https:\/\/honestbee.se\/index.php\/contact-us\/#breadcrumb","itemListElement":[{"@type":"ListItem","position":1,"name":"Hem","item":"https:\/\/honestbee.se\/"},{"@type":"ListItem","position":2,"name":"Kontakt"}]},{"@type":"WebSite","@id":"https:\/\/honestbee.se\/#website","url":"https:\/\/honestbee.se\/","name":"honestbee","description":"","publisher":{"@id":"https:\/\/honestbee.se\/#organization"},"potentialAction":[{"@type":"SearchAction","target":{"@type":"EntryPoint","urlTemplate":"https:\/\/honestbee.se\/?s={search_term_string}"},"query-input":{"@type":"PropertyValueSpecification","valueRequired":true,"valueName":"search_term_string"}}],"inLanguage":"sv-SE"},{"@type":"Organization","@id":"https:\/\/honestbee.se\/#organization","name":"honestbee","url":"https:\/\/honestbee.se\/","logo":{"@type":"ImageObject","inLanguage":"sv-SE","@id":"https:\/\/honestbee.se\/#\/schema\/logo\/image\/","url":"https:\/\/honestbee.se\/wp-content\/uploads\/2024\/04\/logo-honestbee.png","contentUrl":"https:\/\/honestbee.se\/wp-content\/uploads\/2024\/04\/logo-honestbee.png","width":663,"height":136,"caption":"honestbee"},"image":{"@id":"https:\/\/honestbee.se\/#\/schema\/logo\/image\/"},"sameAs":["https:\/\/www.facebook.com\/honestbee.se","https:\/\/www.instagram.com\/honestbee.se"]}]}},"_links":{"self":[{"href":"https:\/\/honestbee.se\/index.php\/wp-json\/wp\/v2\/pages\/297","targetHints":{"allow":["GET"]}}],"collection":[{"href":"https:\/\/honestbee.se\/index.php\/wp-json\/wp\/v2\/pages"}],"about":[{"href":"https:\/\/honestbee.se\/index.php\/wp-json\/wp\/v2\/types\/page"}],"author":[{"embeddable":true,"href":"https:\/\/honestbee.se\/index.php\/wp-json\/wp\/v2\/users\/1"}],"replies":[{"embeddable":true,"href":"https:\/\/honestbee.se\/index.php\/wp-json\/wp\/v2\/comments?post=297"}],"version-history":[{"count":32,"href":"https:\/\/honestbee.se\/index.php\/wp-json\/wp\/v2\/pages\/297\/revisions"}],"predecessor-version":[{"id":666,"href":"https:\/\/honestbee.se\/index.php\/wp-json\/wp\/v2\/pages\/297\/revisions\/666"}],"wp:featuredmedia":[{"embeddable":true,"href":"https:\/\/honestbee.se\/index.php\/wp-json\/wp\/v2\/media\/300"}],"wp:attachment":[{"href":"https:\/\/honestbee.se\/index.php\/wp-json\/wp\/v2\/media?parent=297"}],"curies":[{"name":"wp","href":"https:\/\/api.w.org\/{rel}","templated":true}]}}